{"id":5912,"date":"2019-11-29T10:25:06","date_gmt":"2019-11-29T10:25:06","guid":{"rendered":"http:\/\/dannci.wpmasters.org\/citygov\/?page_id=5912"},"modified":"2023-02-07T13:15:37","modified_gmt":"2023-02-07T13:15:37","slug":"nossa-historia","status":"publish","type":"page","link":"https:\/\/ipac.cc\/site\/nossa-historia\/","title":{"rendered":"Nossa Hist\u00f3ria"},"content":{"rendered":"\t\t<div data-elementor-type=\"wp-page\" data-elementor-id=\"5912\" class=\"elementor elementor-5912\">\n\t\t\t\t\t\t<section class=\"elementor-section elementor-top-section elementor-element elementor-element-ad519bb elementor-section-content-top elementor-section-boxed elementor-section-height-default elementor-section-height-default\" data-id=\"ad519bb\" data-element_type=\"section\" data-e-type=\"section\" data-settings=\"{&quot;background_background&quot;:&quot;classic&quot;}\">\n\t\t\t\t\t\t\t<div class=\"elementor-background-overlay\"><\/div>\n\t\t\t\t\t\t\t<div class=\"elementor-container elementor-column-gap-wide\">\n\t\t\t\t\t<div class=\"elementor-column elementor-col-50 elementor-top-column elementor-element elementor-element-1682630 extend_left\" data-id=\"1682630\" data-element_type=\"column\" data-e-type=\"column\" data-settings=\"{&quot;background_background&quot;:&quot;classic&quot;}\">\n\t\t\t<div class=\"elementor-widget-wrap elementor-element-populated\">\n\t\t\t\t\t\t<div class=\"elementor-element elementor-element-1cf60c4 elementor-widget elementor-widget-heading\" data-id=\"1cf60c4\" data-element_type=\"widget\" data-e-type=\"widget\" data-widget_type=\"heading.default\">\n\t\t\t\t<div class=\"elementor-widget-container\">\n\t\t\t\t\t<h4 class=\"elementor-heading-title elementor-size-default\">Sobre n\u00f3s<\/h4>\t\t\t\t<\/div>\n\t\t\t\t<\/div>\n\t\t\t\t<div class=\"elementor-element elementor-element-af538b2 elementor-widget elementor-widget-heading\" data-id=\"af538b2\" data-element_type=\"widget\" data-e-type=\"widget\" data-widget_type=\"heading.default\">\n\t\t\t\t<div class=\"elementor-widget-container\">\n\t\t\t\t\t<h2 class=\"elementor-heading-title elementor-size-default\">A nossa hist\u00f3ria<\/h2>\t\t\t\t<\/div>\n\t\t\t\t<\/div>\n\t\t\t\t<div class=\"elementor-element elementor-element-b17154f elementor-widget elementor-widget-text-editor\" data-id=\"b17154f\" data-element_type=\"widget\" data-e-type=\"widget\" data-widget_type=\"text-editor.default\">\n\t\t\t\t<div class=\"elementor-widget-container\">\n\t\t\t\t\t\t\t\t\t<p><\/p>\n<p>O Instituto Portugu\u00eas de Arte e Cultura (IPAC) \u00e9 uma institui\u00e7\u00e3o cient\u00edfica e cultural criado com o objetivo de promover e difundir a cultura e a arte de Portugal no mundo. Ele tem como miss\u00e3o desenvolver atividades de investiga\u00e7\u00e3o, estudo, promo\u00e7\u00e3o e difus\u00e3o da cultura portuguesa, incluindo as artes, as letras, a hist\u00f3ria, a ci\u00eancia e a tecnologia.<\/p><p><br><\/p>\n<p>Algumas das atividades do IPAC incluem a organiza\u00e7\u00e3o de exposi\u00e7\u00f5es, concertos, confer\u00eancias, publica\u00e7\u00f5es e outros eventos culturais e art\u00edsticos, a promo\u00e7\u00e3o do patrim\u00f4nio cultural portugu\u00eas, o apoio \u00e0s atividades de investiga\u00e7\u00e3o cient\u00edfica e cultural, e a coopera\u00e7\u00e3o com outras institui\u00e7\u00f5es nacionais e internacionais.<\/p>\t\t\t\t\t\t\t\t<\/div>\n\t\t\t\t<\/div>\n\t\t\t\t\t<\/div>\n\t\t<\/div>\n\t\t\t\t<div class=\"elementor-column elementor-col-50 elementor-top-column elementor-element elementor-element-e153deb elementor-hidden-mobile\" data-id=\"e153deb\" data-element_type=\"column\" data-e-type=\"column\">\n\t\t\t<div class=\"elementor-widget-wrap\">\n\t\t\t\t\t\t\t<\/div>\n\t\t<\/div>\n\t\t\t\t\t<\/div>\n\t\t<\/section>\n\t\t\t\t<\/div>\n\t\t","protected":false},"excerpt":{"rendered":"<p>Sobre n\u00f3s A nossa hist\u00f3ria O Instituto Portugu\u00eas de Arte e Cultura (IPAC) \u00e9 uma institui\u00e7\u00e3o cient\u00edfica e cultural criado com o objetivo de promover e difundir a cultura e a arte de Portugal no mundo. Ele tem como miss\u00e3o desenvolver atividades de investiga\u00e7\u00e3o, estudo, promo\u00e7\u00e3o e difus\u00e3o da cultura portuguesa, incluindo as artes, as &hellip;<\/p>\n","protected":false},"author":1,"featured_media":0,"parent":0,"menu_order":0,"comment_status":"closed","ping_status":"closed","template":"elementor_header_footer","meta":{"footnotes":""},"class_list":["post-5912","page","type-page","status-publish","hentry"],"_links":{"self":[{"href":"https:\/\/ipac.cc\/site\/wp-json\/wp\/v2\/pages\/5912","targetHints":{"allow":["GET"]}}],"collection":[{"href":"https:\/\/ipac.cc\/site\/wp-json\/wp\/v2\/pages"}],"about":[{"href":"https:\/\/ipac.cc\/site\/wp-json\/wp\/v2\/types\/page"}],"author":[{"embeddable":true,"href":"https:\/\/ipac.cc\/site\/wp-json\/wp\/v2\/users\/1"}],"replies":[{"embeddable":true,"href":"https:\/\/ipac.cc\/site\/wp-json\/wp\/v2\/comments?post=5912"}],"version-history":[{"count":32,"href":"https:\/\/ipac.cc\/site\/wp-json\/wp\/v2\/pages\/5912\/revisions"}],"predecessor-version":[{"id":8479,"href":"https:\/\/ipac.cc\/site\/wp-json\/wp\/v2\/pages\/5912\/revisions\/8479"}],"wp:attachment":[{"href":"https:\/\/ipac.cc\/site\/wp-json\/wp\/v2\/media?parent=5912"}],"curies":[{"name":"wp","href":"https:\/\/api.w.org\/{rel}","templated":true}]}}