{"id":6201,"date":"2020-03-18T09:32:42","date_gmt":"2020-03-18T09:32:42","guid":{"rendered":"http:\/\/dannci.wpmasters.org\/citygov\/?page_id=6201"},"modified":"2023-02-09T13:39:26","modified_gmt":"2023-02-09T13:39:26","slug":"departamentos","status":"publish","type":"page","link":"https:\/\/ipac.cc\/site\/departamentos\/","title":{"rendered":"Departamentos"},"content":{"rendered":"\t\t<div data-elementor-type=\"wp-page\" data-elementor-id=\"6201\" class=\"elementor elementor-6201\">\n\t\t\t\t\t\t<section class=\"elementor-section elementor-top-section elementor-element elementor-element-42df4a5c elementor-section-boxed elementor-section-height-default elementor-section-height-default\" data-id=\"42df4a5c\" data-element_type=\"section\" data-e-type=\"section\" data-settings=\"{&quot;background_background&quot;:&quot;classic&quot;}\">\n\t\t\t\t\t\t<div class=\"elementor-container elementor-column-gap-no\">\n\t\t\t\t\t<div class=\"elementor-column elementor-col-100 elementor-top-column elementor-element elementor-element-7b4a9d98\" data-id=\"7b4a9d98\" data-element_type=\"column\" data-e-type=\"column\">\n\t\t\t<div class=\"elementor-widget-wrap elementor-element-populated\">\n\t\t\t\t\t\t<section class=\"elementor-section elementor-inner-section elementor-element elementor-element-5df65a42 elementor-section-content-middle elementor-section-boxed elementor-section-height-default elementor-section-height-default\" data-id=\"5df65a42\" data-element_type=\"section\" data-e-type=\"section\">\n\t\t\t\t\t\t<div class=\"elementor-container elementor-column-gap-narrow\">\n\t\t\t\t\t<div class=\"elementor-column elementor-col-50 elementor-inner-column elementor-element elementor-element-33352d0a\" data-id=\"33352d0a\" data-element_type=\"column\" data-e-type=\"column\" data-settings=\"{&quot;background_background&quot;:&quot;classic&quot;}\">\n\t\t\t<div class=\"elementor-widget-wrap elementor-element-populated\">\n\t\t\t\t\t\t<div class=\"elementor-element elementor-element-71e94cab dekoline elementor-widget elementor-widget-heading\" data-id=\"71e94cab\" data-element_type=\"widget\" data-e-type=\"widget\" data-widget_type=\"heading.default\">\n\t\t\t\t<div class=\"elementor-widget-container\">\n\t\t\t\t\t<h4 class=\"elementor-heading-title elementor-size-default\">Organiza\u00e7\u00e3o Institucional<\/h4>\t\t\t\t<\/div>\n\t\t\t\t<\/div>\n\t\t\t\t<div class=\"elementor-element elementor-element-53cbf78c elementor-widget elementor-widget-heading\" data-id=\"53cbf78c\" data-element_type=\"widget\" data-e-type=\"widget\" data-widget_type=\"heading.default\">\n\t\t\t\t<div class=\"elementor-widget-container\">\n\t\t\t\t\t<h2 class=\"elementor-heading-title elementor-size-default\">Os nossos Departamentos<\/h2>\t\t\t\t<\/div>\n\t\t\t\t<\/div>\n\t\t\t\t\t<\/div>\n\t\t<\/div>\n\t\t\t\t<div class=\"elementor-column elementor-col-50 elementor-inner-column elementor-element elementor-element-410ecf elementor-hidden-mobile\" data-id=\"410ecf\" data-element_type=\"column\" data-e-type=\"column\">\n\t\t\t<div class=\"elementor-widget-wrap\">\n\t\t\t\t\t\t\t<\/div>\n\t\t<\/div>\n\t\t\t\t\t<\/div>\n\t\t<\/section>\n\t\t\t\t<section class=\"elementor-section elementor-inner-section elementor-element elementor-element-4a73aa7 elementor-section-content-space-between elementor-section-height-min-height elementor-section-boxed elementor-section-height-default\" data-id=\"4a73aa7\" data-element_type=\"section\" data-e-type=\"section\">\n\t\t\t\t\t\t<div class=\"elementor-container elementor-column-gap-no\">\n\t\t\t\t\t<div class=\"elementor-column elementor-col-33 elementor-inner-column elementor-element elementor-element-2f07f208\" data-id=\"2f07f208\" data-element_type=\"column\" data-e-type=\"column\" data-settings=\"{&quot;background_background&quot;:&quot;classic&quot;}\">\n\t\t\t<div class=\"elementor-widget-wrap elementor-element-populated\">\n\t\t\t\t\t\t<div class=\"elementor-element elementor-element-20349528 tmnf_img_box elementor-position-top elementor-widget elementor-widget-image-box\" data-id=\"20349528\" data-element_type=\"widget\" data-e-type=\"widget\" data-widget_type=\"image-box.default\">\n\t\t\t\t<div class=\"elementor-widget-container\">\n\t\t\t\t\t<div class=\"elementor-image-box-wrapper\"><figure class=\"elementor-image-box-img\"><a href=\"#\" tabindex=\"-1\"><img fetchpriority=\"high\" decoding=\"async\" width=\"497\" height=\"495\" src=\"https:\/\/ipac.cc\/site\/wp-content\/uploads\/2023\/02\/Ativo-7.png\" class=\"attachment-full size-full wp-image-8732\" alt=\"\" srcset=\"https:\/\/ipac.cc\/site\/wp-content\/uploads\/2023\/02\/Ativo-7.png 497w, https:\/\/ipac.cc\/site\/wp-content\/uploads\/2023\/02\/Ativo-7-300x300.png 300w, https:\/\/ipac.cc\/site\/wp-content\/uploads\/2023\/02\/Ativo-7-150x150.png 150w\" sizes=\"(max-width: 497px) 100vw, 497px\" \/><\/a><\/figure><div class=\"elementor-image-box-content\"><h3 class=\"elementor-image-box-title\"><a href=\"#\">Departamento de Artes<\/a><\/h3><p class=\"elementor-image-box-description\">O Departamento de Artes do IPAC oferece uma variedade de cursos e programas para estudantes interessados em seguir carreiras na \u00e1rea das artes. \nOs alunos t\u00eam acesso a instala\u00e7\u00f5es de ponta e a professores altamente qualificados, que os ajudam a desenvolver suas habilidades e t\u00e9cnicas. Al\u00e9m disso, o departamento promove atividades extracurriculares, como exposi\u00e7\u00f5es e apresenta\u00e7\u00f5es, para dar aos alunos a oportunidade de mostrar seu trabalho e se envolver com a comunidade art\u00edstica.<\/p><\/div><\/div>\t\t\t\t<\/div>\n\t\t\t\t<\/div>\n\t\t\t\t<div class=\"elementor-element elementor-element-fd79499 elementor-widget elementor-widget-button\" data-id=\"fd79499\" data-element_type=\"widget\" data-e-type=\"widget\" data-widget_type=\"button.default\">\n\t\t\t\t<div class=\"elementor-widget-container\">\n\t\t\t\t\t\t\t\t\t<div class=\"elementor-button-wrapper\">\n\t\t\t\t\t<a class=\"elementor-button elementor-button-link elementor-size-xs\" href=\"https:\/\/ipac.cc\/site\/departamento-de-artes\/\">\n\t\t\t\t\t\t<span class=\"elementor-button-content-wrapper\">\n\t\t\t\t\t\t<span class=\"elementor-button-icon\">\n\t\t\t\t<i aria-hidden=\"true\" class=\"fas fa-arrow-right\"><\/i>\t\t\t<\/span>\n\t\t\t\t\t\t\t\t\t<span class=\"elementor-button-text\">Saiba Mais<\/span>\n\t\t\t\t\t<\/span>\n\t\t\t\t\t<\/a>\n\t\t\t\t<\/div>\n\t\t\t\t\t\t\t\t<\/div>\n\t\t\t\t<\/div>\n\t\t\t\t\t<\/div>\n\t\t<\/div>\n\t\t\t\t<div class=\"elementor-column elementor-col-33 elementor-inner-column elementor-element elementor-element-5a77fa16\" data-id=\"5a77fa16\" data-element_type=\"column\" data-e-type=\"column\" data-settings=\"{&quot;background_background&quot;:&quot;classic&quot;}\">\n\t\t\t<div class=\"elementor-widget-wrap elementor-element-populated\">\n\t\t\t\t\t\t<div class=\"elementor-element elementor-element-6202fd2a tmnf_img_box elementor-position-top elementor-widget elementor-widget-image-box\" data-id=\"6202fd2a\" data-element_type=\"widget\" data-e-type=\"widget\" data-widget_type=\"image-box.default\">\n\t\t\t\t<div class=\"elementor-widget-container\">\n\t\t\t\t\t<div class=\"elementor-image-box-wrapper\"><figure class=\"elementor-image-box-img\"><a href=\"#\" tabindex=\"-1\"><img decoding=\"async\" width=\"476\" height=\"501\" src=\"https:\/\/ipac.cc\/site\/wp-content\/uploads\/2023\/02\/Ativo-1.png\" class=\"attachment-full size-full wp-image-8726\" alt=\"\" srcset=\"https:\/\/ipac.cc\/site\/wp-content\/uploads\/2023\/02\/Ativo-1.png 476w, https:\/\/ipac.cc\/site\/wp-content\/uploads\/2023\/02\/Ativo-1-285x300.png 285w\" sizes=\"(max-width: 476px) 100vw, 476px\" \/><\/a><\/figure><div class=\"elementor-image-box-content\"><h3 class=\"elementor-image-box-title\"><a href=\"#\">Departamento de Cultura<\/a><\/h3><p class=\"elementor-image-box-description\">O Departamento de Cultura do IPAC tem como objetivo promover e valorizar a cultura e as artes, contribuindo para o desenvolvimento social e cultural da comunidade. Ele oferece uma variedade de programas, incluindo exposi\u00e7\u00f5es, concertos, pe\u00e7as de teatro, oficinas e palestras, com o objetivo de acessibilizar e democratizar o acesso \u00e0 cultura e artes. Al\u00e9m disso, o departamento tamb\u00e9m trabalha para fomentar a cria\u00e7\u00e3o e o desenvolvimento de novos artistas e criadores culturais.<\/p><\/div><\/div>\t\t\t\t<\/div>\n\t\t\t\t<\/div>\n\t\t\t\t<div class=\"elementor-element elementor-element-ea7b94b elementor-widget elementor-widget-button\" data-id=\"ea7b94b\" data-element_type=\"widget\" data-e-type=\"widget\" data-widget_type=\"button.default\">\n\t\t\t\t<div class=\"elementor-widget-container\">\n\t\t\t\t\t\t\t\t\t<div class=\"elementor-button-wrapper\">\n\t\t\t\t\t<a class=\"elementor-button elementor-button-link elementor-size-xs\" href=\"https:\/\/ipac.cc\/site\/departamento-de-cultura\/\">\n\t\t\t\t\t\t<span class=\"elementor-button-content-wrapper\">\n\t\t\t\t\t\t<span class=\"elementor-button-icon\">\n\t\t\t\t<i aria-hidden=\"true\" class=\"fas fa-arrow-right\"><\/i>\t\t\t<\/span>\n\t\t\t\t\t\t\t\t\t<span class=\"elementor-button-text\">Saiba mais<\/span>\n\t\t\t\t\t<\/span>\n\t\t\t\t\t<\/a>\n\t\t\t\t<\/div>\n\t\t\t\t\t\t\t\t<\/div>\n\t\t\t\t<\/div>\n\t\t\t\t\t<\/div>\n\t\t<\/div>\n\t\t\t\t<div class=\"elementor-column elementor-col-33 elementor-inner-column elementor-element elementor-element-180cf93b\" data-id=\"180cf93b\" data-element_type=\"column\" data-e-type=\"column\" data-settings=\"{&quot;background_background&quot;:&quot;classic&quot;}\">\n\t\t\t<div class=\"elementor-widget-wrap elementor-element-populated\">\n\t\t\t\t\t\t<div class=\"elementor-element elementor-element-45c0b2e2 tmnf_img_box elementor-position-top elementor-widget elementor-widget-image-box\" data-id=\"45c0b2e2\" data-element_type=\"widget\" data-e-type=\"widget\" data-widget_type=\"image-box.default\">\n\t\t\t\t<div class=\"elementor-widget-container\">\n\t\t\t\t\t<div class=\"elementor-image-box-wrapper\"><figure class=\"elementor-image-box-img\"><a href=\"#\" tabindex=\"-1\"><img decoding=\"async\" width=\"506\" height=\"453\" src=\"https:\/\/ipac.cc\/site\/wp-content\/uploads\/2023\/02\/Ativo-5.png\" class=\"attachment-full size-full wp-image-8730\" alt=\"\" srcset=\"https:\/\/ipac.cc\/site\/wp-content\/uploads\/2023\/02\/Ativo-5.png 506w, https:\/\/ipac.cc\/site\/wp-content\/uploads\/2023\/02\/Ativo-5-300x269.png 300w\" sizes=\"(max-width: 506px) 100vw, 506px\" \/><\/a><\/figure><div class=\"elementor-image-box-content\"><h3 class=\"elementor-image-box-title\"><a href=\"#\">Departamento de Patrim\u00f3nio<\/a><\/h3><p class=\"elementor-image-box-description\">O Departamento de Patrim\u00f4nio tem como miss\u00e3o proteger e valorizar o patrim\u00f4nio hist\u00f3rico e cultural da regi\u00e3o, promovendo a sua preserva\u00e7\u00e3o e acessibilidade \u00e0 comunidade. Ele \u00e9 respons\u00e1vel por realizar estudos e pesquisas sobre o patrim\u00f4nio local, al\u00e9m de elaborar planos e projetos para sua conserva\u00e7\u00e3o e restaura\u00e7\u00e3o. O departamento tamb\u00e9m promove a\u00e7\u00f5es educativas e culturais voltadas para a valoriza\u00e7\u00e3o do patrim\u00f4nio, incluindo visitas guiadas, exposi\u00e7\u00f5es e publica\u00e7\u00f5es. Al\u00e9m disso, ele tamb\u00e9m colabora com outras institui\u00e7\u00f5es e \u00f3rg\u00e3os governamentais para a prote\u00e7\u00e3o e preserva\u00e7\u00e3o do patrim\u00f4nio hist\u00f3rico e cultural.<\/p><\/div><\/div>\t\t\t\t<\/div>\n\t\t\t\t<\/div>\n\t\t\t\t<div class=\"elementor-element elementor-element-5fbda00 elementor-widget elementor-widget-button\" data-id=\"5fbda00\" data-element_type=\"widget\" data-e-type=\"widget\" data-widget_type=\"button.default\">\n\t\t\t\t<div class=\"elementor-widget-container\">\n\t\t\t\t\t\t\t\t\t<div class=\"elementor-button-wrapper\">\n\t\t\t\t\t<a class=\"elementor-button elementor-button-link elementor-size-xs\" href=\"https:\/\/ipac.cc\/site\/departamento-de-patrimonio\/\">\n\t\t\t\t\t\t<span class=\"elementor-button-content-wrapper\">\n\t\t\t\t\t\t<span class=\"elementor-button-icon\">\n\t\t\t\t<i aria-hidden=\"true\" class=\"fas fa-arrow-right\"><\/i>\t\t\t<\/span>\n\t\t\t\t\t\t\t\t\t<span class=\"elementor-button-text\">Saiba mias<\/span>\n\t\t\t\t\t<\/span>\n\t\t\t\t\t<\/a>\n\t\t\t\t<\/div>\n\t\t\t\t\t\t\t\t<\/div>\n\t\t\t\t<\/div>\n\t\t\t\t\t<\/div>\n\t\t<\/div>\n\t\t\t\t\t<\/div>\n\t\t<\/section>\n\t\t\t\t<section class=\"elementor-section elementor-inner-section elementor-element elementor-element-52280c1f elementor-section-boxed elementor-section-height-default elementor-section-height-default\" data-id=\"52280c1f\" data-element_type=\"section\" data-e-type=\"section\">\n\t\t\t\t\t\t<div class=\"elementor-container elementor-column-gap-no\">\n\t\t\t\t\t<div class=\"elementor-column elementor-col-33 elementor-inner-column elementor-element elementor-element-1e646ee6\" data-id=\"1e646ee6\" data-element_type=\"column\" data-e-type=\"column\" data-settings=\"{&quot;background_background&quot;:&quot;classic&quot;}\">\n\t\t\t<div class=\"elementor-widget-wrap elementor-element-populated\">\n\t\t\t\t\t\t<div class=\"elementor-element elementor-element-72617295 tmnf_img_box elementor-position-top elementor-widget elementor-widget-image-box\" data-id=\"72617295\" data-element_type=\"widget\" data-e-type=\"widget\" data-widget_type=\"image-box.default\">\n\t\t\t\t<div class=\"elementor-widget-container\">\n\t\t\t\t\t<div class=\"elementor-image-box-wrapper\"><figure class=\"elementor-image-box-img\"><a href=\"#\" tabindex=\"-1\"><img loading=\"lazy\" decoding=\"async\" width=\"461\" height=\"491\" src=\"https:\/\/ipac.cc\/site\/wp-content\/uploads\/2023\/02\/Ativo-4.png\" class=\"attachment-full size-full wp-image-8729\" alt=\"\" srcset=\"https:\/\/ipac.cc\/site\/wp-content\/uploads\/2023\/02\/Ativo-4.png 461w, https:\/\/ipac.cc\/site\/wp-content\/uploads\/2023\/02\/Ativo-4-282x300.png 282w\" sizes=\"(max-width: 461px) 100vw, 461px\" \/><\/a><\/figure><div class=\"elementor-image-box-content\"><h3 class=\"elementor-image-box-title\"><a href=\"#\">Departamento de comunica\u00e7\u00e3o<\/a><\/h3><p class=\"elementor-image-box-description\">O Departamento de Comunica\u00e7\u00e3o do IPAC tem como objetivo garantir que as informa\u00e7\u00f5es e a\u00e7\u00f5es da institui\u00e7\u00e3o sejam transmitidas de forma clara e precisa para a comunidade interna e externa, contribuindo para a constru\u00e7\u00e3o de uma imagem positiva da institui\u00e7\u00e3o. Ele \u00e9 respons\u00e1vel por planejar e implementar estrat\u00e9gias de comunica\u00e7\u00e3o, incluindo rela\u00e7\u00f5es p\u00fablicas, comunica\u00e7\u00e3o interna, m\u00eddias sociais, marketing e comunica\u00e7\u00e3o visual. Al\u00e9m disso, o departamento tamb\u00e9m colabora com outros departamentos do IPAC para garantir que as informa\u00e7\u00f5es sejam disseminadas de forma clara e precisa, e tamb\u00e9m estar\u00e1 encarregado de gerenciar e atualizar o site institucional e outras plataformas digitais.<\/p><\/div><\/div>\t\t\t\t<\/div>\n\t\t\t\t<\/div>\n\t\t\t\t<div class=\"elementor-element elementor-element-49cc5d8 elementor-widget elementor-widget-button\" data-id=\"49cc5d8\" data-element_type=\"widget\" data-e-type=\"widget\" data-widget_type=\"button.default\">\n\t\t\t\t<div class=\"elementor-widget-container\">\n\t\t\t\t\t\t\t\t\t<div class=\"elementor-button-wrapper\">\n\t\t\t\t\t<a class=\"elementor-button elementor-button-link elementor-size-xs\" href=\"https:\/\/ipac.cc\/site\/departamento-de-comunicacao\/\">\n\t\t\t\t\t\t<span class=\"elementor-button-content-wrapper\">\n\t\t\t\t\t\t<span class=\"elementor-button-icon\">\n\t\t\t\t<i aria-hidden=\"true\" class=\"fas fa-arrow-right\"><\/i>\t\t\t<\/span>\n\t\t\t\t\t\t\t\t\t<span class=\"elementor-button-text\">Saiba mais<\/span>\n\t\t\t\t\t<\/span>\n\t\t\t\t\t<\/a>\n\t\t\t\t<\/div>\n\t\t\t\t\t\t\t\t<\/div>\n\t\t\t\t<\/div>\n\t\t\t\t\t<\/div>\n\t\t<\/div>\n\t\t\t\t<div class=\"elementor-column elementor-col-33 elementor-inner-column elementor-element elementor-element-2048afd\" data-id=\"2048afd\" data-element_type=\"column\" data-e-type=\"column\" data-settings=\"{&quot;background_background&quot;:&quot;classic&quot;}\">\n\t\t\t<div class=\"elementor-widget-wrap elementor-element-populated\">\n\t\t\t\t\t\t<div class=\"elementor-element elementor-element-68046fe6 tmnf_img_box elementor-position-top elementor-widget elementor-widget-image-box\" data-id=\"68046fe6\" data-element_type=\"widget\" data-e-type=\"widget\" data-widget_type=\"image-box.default\">\n\t\t\t\t<div class=\"elementor-widget-container\">\n\t\t\t\t\t<div class=\"elementor-image-box-wrapper\"><figure class=\"elementor-image-box-img\"><a href=\"#\" tabindex=\"-1\"><img loading=\"lazy\" decoding=\"async\" width=\"489\" height=\"502\" src=\"https:\/\/ipac.cc\/site\/wp-content\/uploads\/2023\/02\/Ativo-3.png\" class=\"attachment-full size-full wp-image-8728\" alt=\"\" srcset=\"https:\/\/ipac.cc\/site\/wp-content\/uploads\/2023\/02\/Ativo-3.png 489w, https:\/\/ipac.cc\/site\/wp-content\/uploads\/2023\/02\/Ativo-3-292x300.png 292w\" sizes=\"(max-width: 489px) 100vw, 489px\" \/><\/a><\/figure><div class=\"elementor-image-box-content\"><h3 class=\"elementor-image-box-title\"><a href=\"#\">Departamento de Porjectos e planeamento<\/a><\/h3><p class=\"elementor-image-box-description\">O Departamento de Projetos e Planeamento \u00e9 respons\u00e1vel pela defini\u00e7\u00e3o e gest\u00e3o dos projetos da empresa, desde a sua concep\u00e7\u00e3o at\u00e9 a sua conclus\u00e3o. Eles trabalham em estreita colabora\u00e7\u00e3o com outros departamentos e equipes para garantir que os projetos sejam executados de maneira eficiente e eficaz, atendendo \u00e0s necessidades e expectativas dos clientes.\nEles tamb\u00e9m s\u00e3o respons\u00e1veis pela elabora\u00e7\u00e3o do planejamento estrat\u00e9gico da empresa, estabelecendo metas e objetivos a curto e longo prazo, e monitorando o progresso dos projetos para garantir que eles estejam alinhados com a estrat\u00e9gia geral do Instituto.\nAl\u00e9m disso, eles tamb\u00e9m gerenciam e alocam recursos, incluindo or\u00e7amento, pessoal e equipamentos, para garantir que os projetos sejam conclu\u00eddos dentro do prazo e do or\u00e7amento estabelecidos.<\/p><\/div><\/div>\t\t\t\t<\/div>\n\t\t\t\t<\/div>\n\t\t\t\t<div class=\"elementor-element elementor-element-27c808f elementor-widget elementor-widget-button\" data-id=\"27c808f\" data-element_type=\"widget\" data-e-type=\"widget\" data-widget_type=\"button.default\">\n\t\t\t\t<div class=\"elementor-widget-container\">\n\t\t\t\t\t\t\t\t\t<div class=\"elementor-button-wrapper\">\n\t\t\t\t\t<a class=\"elementor-button elementor-button-link elementor-size-xs\" href=\"https:\/\/ipac.cc\/site\/departamento-de-porjectos-e-planeamento\/\">\n\t\t\t\t\t\t<span class=\"elementor-button-content-wrapper\">\n\t\t\t\t\t\t<span class=\"elementor-button-icon\">\n\t\t\t\t<i aria-hidden=\"true\" class=\"fas fa-arrow-right\"><\/i>\t\t\t<\/span>\n\t\t\t\t\t\t\t\t\t<span class=\"elementor-button-text\">Saiba mais<\/span>\n\t\t\t\t\t<\/span>\n\t\t\t\t\t<\/a>\n\t\t\t\t<\/div>\n\t\t\t\t\t\t\t\t<\/div>\n\t\t\t\t<\/div>\n\t\t\t\t\t<\/div>\n\t\t<\/div>\n\t\t\t\t<div class=\"elementor-column elementor-col-33 elementor-inner-column elementor-element elementor-element-3c7a2e41\" data-id=\"3c7a2e41\" data-element_type=\"column\" data-e-type=\"column\" data-settings=\"{&quot;background_background&quot;:&quot;classic&quot;}\">\n\t\t\t<div class=\"elementor-widget-wrap elementor-element-populated\">\n\t\t\t\t\t\t<div class=\"elementor-element elementor-element-2bc80c9e tmnf_img_box elementor-position-top elementor-widget elementor-widget-image-box\" data-id=\"2bc80c9e\" data-element_type=\"widget\" data-e-type=\"widget\" data-widget_type=\"image-box.default\">\n\t\t\t\t<div class=\"elementor-widget-container\">\n\t\t\t\t\t<div class=\"elementor-image-box-wrapper\"><figure class=\"elementor-image-box-img\"><a href=\"#\" tabindex=\"-1\"><img loading=\"lazy\" decoding=\"async\" width=\"519\" height=\"485\" src=\"https:\/\/ipac.cc\/site\/wp-content\/uploads\/2023\/02\/Ativo-2.png\" class=\"attachment-full size-full wp-image-8727\" alt=\"\" srcset=\"https:\/\/ipac.cc\/site\/wp-content\/uploads\/2023\/02\/Ativo-2.png 519w, https:\/\/ipac.cc\/site\/wp-content\/uploads\/2023\/02\/Ativo-2-300x280.png 300w\" sizes=\"(max-width: 519px) 100vw, 519px\" \/><\/a><\/figure><div class=\"elementor-image-box-content\"><h3 class=\"elementor-image-box-title\"><a href=\"#\">Departamento de rela\u00e7\u00f5es internacionais<\/a><\/h3><p class=\"elementor-image-box-description\">O Departamento de Rela\u00e7\u00f5es Internacionais \u00e9 respons\u00e1vel pela gest\u00e3o das rela\u00e7\u00f5es comerciais, pol\u00edticas e culturais da empresa com outros pa\u00edses. Eles trabalham para estabelecer e manter rela\u00e7\u00f5es comerciais fortes e ben\u00e9ficas com parceiros estrangeiros, e para identificar novas oportunidades de neg\u00f3cios em mercados internacionais.\n\nEles tamb\u00e9m s\u00e3o respons\u00e1veis por garantir que a empresa cumpra as leis e regulamenta\u00e7\u00f5es de com\u00e9rcio internacional, e por representar o Instituto em reuni\u00f5es e negocia\u00e7\u00f5es com outras institui\u00e7\u00f5es e governos estrangeiros.<\/p><\/div><\/div>\t\t\t\t<\/div>\n\t\t\t\t<\/div>\n\t\t\t\t<div class=\"elementor-element elementor-element-b3f0599 elementor-widget elementor-widget-button\" data-id=\"b3f0599\" data-element_type=\"widget\" data-e-type=\"widget\" data-widget_type=\"button.default\">\n\t\t\t\t<div class=\"elementor-widget-container\">\n\t\t\t\t\t\t\t\t\t<div class=\"elementor-button-wrapper\">\n\t\t\t\t\t<a class=\"elementor-button elementor-button-link elementor-size-xs\" href=\"https:\/\/ipac.cc\/site\/departamento-de-relacoes-internacionais\/\">\n\t\t\t\t\t\t<span class=\"elementor-button-content-wrapper\">\n\t\t\t\t\t\t<span class=\"elementor-button-icon\">\n\t\t\t\t<i aria-hidden=\"true\" class=\"fas fa-arrow-right\"><\/i>\t\t\t<\/span>\n\t\t\t\t\t\t\t\t\t<span class=\"elementor-button-text\">Saiba mais<\/span>\n\t\t\t\t\t<\/span>\n\t\t\t\t\t<\/a>\n\t\t\t\t<\/div>\n\t\t\t\t\t\t\t\t<\/div>\n\t\t\t\t<\/div>\n\t\t\t\t\t<\/div>\n\t\t<\/div>\n\t\t\t\t\t<\/div>\n\t\t<\/section>\n\t\t\t\t\t<\/div>\n\t\t<\/div>\n\t\t\t\t\t<\/div>\n\t\t<\/section>\n\t\t\t\t<\/div>\n\t\t","protected":false},"excerpt":{"rendered":"<p>Organiza\u00e7\u00e3o Institucional Os nossos Departamentos Departamento de Artes O Departamento de Artes do IPAC oferece uma variedade de cursos e programas para estudantes interessados em seguir carreiras na \u00e1rea das artes. Os alunos t\u00eam acesso a instala\u00e7\u00f5es de ponta e a professores altamente qualificados, que os ajudam a desenvolver suas habilidades e t\u00e9cnicas. Al\u00e9m disso, &hellip;<\/p>\n","protected":false},"author":1,"featured_media":0,"parent":0,"menu_order":0,"comment_status":"closed","ping_status":"closed","template":"homepage.php","meta":{"footnotes":""},"class_list":["post-6201","page","type-page","status-publish","hentry"],"_links":{"self":[{"href":"https:\/\/ipac.cc\/site\/wp-json\/wp\/v2\/pages\/6201","targetHints":{"allow":["GET"]}}],"collection":[{"href":"https:\/\/ipac.cc\/site\/wp-json\/wp\/v2\/pages"}],"about":[{"href":"https:\/\/ipac.cc\/site\/wp-json\/wp\/v2\/types\/page"}],"author":[{"embeddable":true,"href":"https:\/\/ipac.cc\/site\/wp-json\/wp\/v2\/users\/1"}],"replies":[{"embeddable":true,"href":"https:\/\/ipac.cc\/site\/wp-json\/wp\/v2\/comments?post=6201"}],"version-history":[{"count":103,"href":"https:\/\/ipac.cc\/site\/wp-json\/wp\/v2\/pages\/6201\/revisions"}],"predecessor-version":[{"id":8944,"href":"https:\/\/ipac.cc\/site\/wp-json\/wp\/v2\/pages\/6201\/revisions\/8944"}],"wp:attachment":[{"href":"https:\/\/ipac.cc\/site\/wp-json\/wp\/v2\/media?parent=6201"}],"curies":[{"name":"wp","href":"https:\/\/api.w.org\/{rel}","templated":true}]}}