{"id":8060,"date":"2023-01-23T11:15:35","date_gmt":"2023-01-23T11:15:35","guid":{"rendered":"https:\/\/www.ipac.cc\/site\/?page_id=8060"},"modified":"2025-12-04T15:23:16","modified_gmt":"2025-12-04T15:23:16","slug":"missao","status":"publish","type":"page","link":"https:\/\/ipac.cc\/site\/missao\/","title":{"rendered":"Miss\u00e3o"},"content":{"rendered":"\t\t<div data-elementor-type=\"wp-page\" data-elementor-id=\"8060\" class=\"elementor elementor-8060\">\n\t\t\t\t\t\t<section class=\"elementor-section elementor-top-section elementor-element elementor-element-0f4028a elementor-section-content-top elementor-section-boxed elementor-section-height-default elementor-section-height-default\" data-id=\"0f4028a\" data-element_type=\"section\" data-e-type=\"section\" data-settings=\"{&quot;background_background&quot;:&quot;classic&quot;}\">\n\t\t\t\t\t\t\t<div class=\"elementor-background-overlay\"><\/div>\n\t\t\t\t\t\t\t<div class=\"elementor-container elementor-column-gap-wide\">\n\t\t\t\t\t<div class=\"elementor-column elementor-col-50 elementor-top-column elementor-element elementor-element-9e0f125 extend_left\" data-id=\"9e0f125\" data-element_type=\"column\" data-e-type=\"column\" data-settings=\"{&quot;background_background&quot;:&quot;classic&quot;}\">\n\t\t\t<div class=\"elementor-widget-wrap elementor-element-populated\">\n\t\t\t\t\t\t<div class=\"elementor-element elementor-element-368c774 elementor-widget elementor-widget-heading\" data-id=\"368c774\" data-element_type=\"widget\" data-e-type=\"widget\" data-widget_type=\"heading.default\">\n\t\t\t\t<div class=\"elementor-widget-container\">\n\t\t\t\t\t<h4 class=\"elementor-heading-title elementor-size-default\">Nossos objetivos<\/h4>\t\t\t\t<\/div>\n\t\t\t\t<\/div>\n\t\t\t\t<div class=\"elementor-element elementor-element-f326aeb elementor-widget elementor-widget-heading\" data-id=\"f326aeb\" data-element_type=\"widget\" data-e-type=\"widget\" data-widget_type=\"heading.default\">\n\t\t\t\t<div class=\"elementor-widget-container\">\n\t\t\t\t\t<h2 class=\"elementor-heading-title elementor-size-default\">Miss\u00e3o<\/h2>\t\t\t\t<\/div>\n\t\t\t\t<\/div>\n\t\t\t\t<div class=\"elementor-element elementor-element-e605704 elementor-widget elementor-widget-text-editor\" data-id=\"e605704\" data-element_type=\"widget\" data-e-type=\"widget\" data-widget_type=\"text-editor.default\">\n\t\t\t\t<div class=\"elementor-widget-container\">\n\t\t\t\t\t\t\t\t\t<p>O Instituto Portugu\u00eas de Arte e Cultura tem como miss\u00e3o central proteger, valorizar e promover o Patrim\u00f3nio Cultural Imaterial de Portugal, preservando as tradi\u00e7\u00f5es que definem a identidade hist\u00f3rica, art\u00edstica e humana do pa\u00eds. Atua como plataforma de coopera\u00e7\u00e3o, di\u00e1logo e solidariedade entre os seus associados, as comunidades locais e a sociedade civil, garantindo que o conhecimento cultural portugu\u00eas se mant\u00e9m vivo, transmitido e renovado para as gera\u00e7\u00f5es futuras.<\/p>\n<p>Para cumprir esta miss\u00e3o, o Instituto desenvolve programas e iniciativas nas \u00e1reas das artes, m\u00fasica, investiga\u00e7\u00e3o cultural, patrim\u00f3nio e ambiente, contribuindo para a defesa, promo\u00e7\u00e3o e divulga\u00e7\u00e3o das pr\u00e1ticas culturais portuguesas em todo o territ\u00f3rio nacional e no espa\u00e7o lus\u00f3fono.<\/p>\n<p>O Instituto promove igualmente o conhecimento, a investiga\u00e7\u00e3o e a salvaguarda das tradi\u00e7\u00f5es locais, trabalhando em estreita colabora\u00e7\u00e3o com entidades p\u00fablicas, privadas e do sector social. A sua a\u00e7\u00e3o inclui a realiza\u00e7\u00e3o de estudos e projetos especializados, a dinamiza\u00e7\u00e3o de redes de interc\u00e2mbio cultural e o desenvolvimento de parcerias com institutos, associa\u00e7\u00f5es e organiza\u00e7\u00f5es nacionais e internacionais.<\/p>\n<p>Assume ainda o compromisso de desenvolver programas de forma\u00e7\u00e3o e capacita\u00e7\u00e3o, contribuindo para o fortalecimento das compet\u00eancias t\u00e9cnicas, art\u00edsticas e culturais dos agentes locais, criadores, investigadores e comunidades.<\/p>\n<p>No \u00e2mbito do desenvolvimento territorial, o Instituto encontra-se habilitado para assumir fun\u00e7\u00f5es delegadas por organismos respons\u00e1veis por Programas da Uni\u00e3o Europeia, nacionais e regionais, colaborando na constru\u00e7\u00e3o de Estrat\u00e9gias de Desenvolvimento Local e na implementa\u00e7\u00e3o de pol\u00edticas culturais integradas que reforcem a coes\u00e3o, a identidade e a sustentabilidade das comunidades portuguesas.<\/p>\t\t\t\t\t\t\t\t<\/div>\n\t\t\t\t<\/div>\n\t\t\t\t<div class=\"elementor-element elementor-element-472ff87 elementor-widget elementor-widget-text-editor\" data-id=\"472ff87\" data-element_type=\"widget\" data-e-type=\"widget\" data-widget_type=\"text-editor.default\">\n\t\t\t\t<div class=\"elementor-widget-container\">\n\t\t\t\t\t\t\t\t\t<h2>Os nosso estatutos<\/h2>\t\t\t\t\t\t\t\t<\/div>\n\t\t\t\t<\/div>\n\t\t\t\t<div class=\"elementor-element elementor-element-fbf7348 elementor-widget elementor-widget-button\" data-id=\"fbf7348\" data-element_type=\"widget\" data-e-type=\"widget\" data-widget_type=\"button.default\">\n\t\t\t\t<div class=\"elementor-widget-container\">\n\t\t\t\t\t\t\t\t\t<div class=\"elementor-button-wrapper\">\n\t\t\t\t\t<a class=\"elementor-button elementor-button-link elementor-size-sm\" href=\"https:\/\/ipac.cc\/site\/wp-content\/uploads\/2023\/02\/Estatutos.pdf\">\n\t\t\t\t\t\t<span class=\"elementor-button-content-wrapper\">\n\t\t\t\t\t\t\t\t\t<span class=\"elementor-button-text\">Download <\/span>\n\t\t\t\t\t<\/span>\n\t\t\t\t\t<\/a>\n\t\t\t\t<\/div>\n\t\t\t\t\t\t\t\t<\/div>\n\t\t\t\t<\/div>\n\t\t\t\t\t<\/div>\n\t\t<\/div>\n\t\t\t\t<div class=\"elementor-column elementor-col-50 elementor-top-column elementor-element elementor-element-6a5878f elementor-hidden-mobile\" data-id=\"6a5878f\" data-element_type=\"column\" data-e-type=\"column\">\n\t\t\t<div class=\"elementor-widget-wrap\">\n\t\t\t\t\t\t\t<\/div>\n\t\t<\/div>\n\t\t\t\t\t<\/div>\n\t\t<\/section>\n\t\t\t\t<\/div>\n\t\t","protected":false},"excerpt":{"rendered":"<p>Nossos objetivos Miss\u00e3o O Instituto Portugu\u00eas de Arte e Cultura tem como miss\u00e3o central proteger, valorizar e promover o Patrim\u00f3nio Cultural Imaterial de Portugal, preservando as tradi\u00e7\u00f5es que definem a identidade hist\u00f3rica, art\u00edstica e humana do pa\u00eds. Atua como plataforma de coopera\u00e7\u00e3o, di\u00e1logo e solidariedade entre os seus associados, as comunidades locais e a sociedade &hellip;<\/p>\n","protected":false},"author":1,"featured_media":0,"parent":0,"menu_order":0,"comment_status":"closed","ping_status":"closed","template":"homepage.php","meta":{"footnotes":""},"class_list":["post-8060","page","type-page","status-publish","hentry"],"_links":{"self":[{"href":"https:\/\/ipac.cc\/site\/wp-json\/wp\/v2\/pages\/8060","targetHints":{"allow":["GET"]}}],"collection":[{"href":"https:\/\/ipac.cc\/site\/wp-json\/wp\/v2\/pages"}],"about":[{"href":"https:\/\/ipac.cc\/site\/wp-json\/wp\/v2\/types\/page"}],"author":[{"embeddable":true,"href":"https:\/\/ipac.cc\/site\/wp-json\/wp\/v2\/users\/1"}],"replies":[{"embeddable":true,"href":"https:\/\/ipac.cc\/site\/wp-json\/wp\/v2\/comments?post=8060"}],"version-history":[{"count":41,"href":"https:\/\/ipac.cc\/site\/wp-json\/wp\/v2\/pages\/8060\/revisions"}],"predecessor-version":[{"id":8987,"href":"https:\/\/ipac.cc\/site\/wp-json\/wp\/v2\/pages\/8060\/revisions\/8987"}],"wp:attachment":[{"href":"https:\/\/ipac.cc\/site\/wp-json\/wp\/v2\/media?parent=8060"}],"curies":[{"name":"wp","href":"https:\/\/api.w.org\/{rel}","templated":true}]}}