{"id":8299,"date":"2023-02-06T18:07:10","date_gmt":"2023-02-06T18:07:10","guid":{"rendered":"https:\/\/www.ipac.cc\/site\/?page_id=8299"},"modified":"2025-12-04T15:16:30","modified_gmt":"2025-12-04T15:16:30","slug":"oscar-luso","status":"publish","type":"page","link":"https:\/\/ipac.cc\/site\/oscar-luso\/","title":{"rendered":"Oscar Luso"},"content":{"rendered":"\t\t<div data-elementor-type=\"wp-page\" data-elementor-id=\"8299\" class=\"elementor elementor-8299\">\n\t\t\t\t\t\t<section class=\"elementor-section elementor-top-section elementor-element elementor-element-eb40b93 elementor-section-boxed elementor-section-height-default elementor-section-height-default\" data-id=\"eb40b93\" data-element_type=\"section\" data-e-type=\"section\" data-settings=\"{&quot;background_background&quot;:&quot;gradient&quot;}\">\n\t\t\t\t\t\t<div class=\"elementor-container elementor-column-gap-wide\">\n\t\t\t\t\t<div class=\"elementor-column elementor-col-33 elementor-top-column elementor-element elementor-element-ec27084\" data-id=\"ec27084\" data-element_type=\"column\" data-e-type=\"column\">\n\t\t\t<div class=\"elementor-widget-wrap elementor-element-populated\">\n\t\t\t\t\t\t<div class=\"elementor-element elementor-element-b859437 e-transform elementor-widget elementor-widget-image\" data-id=\"b859437\" data-element_type=\"widget\" data-e-type=\"widget\" data-settings=\"{&quot;_transform_scale_effect&quot;:{&quot;unit&quot;:&quot;px&quot;,&quot;size&quot;:1,&quot;sizes&quot;:[]},&quot;_transform_scale_effect_tablet&quot;:{&quot;unit&quot;:&quot;px&quot;,&quot;size&quot;:&quot;&quot;,&quot;sizes&quot;:[]},&quot;_transform_scale_effect_mobile&quot;:{&quot;unit&quot;:&quot;px&quot;,&quot;size&quot;:&quot;&quot;,&quot;sizes&quot;:[]}}\" data-widget_type=\"image.default\">\n\t\t\t\t<div class=\"elementor-widget-container\">\n\t\t\t\t\t\t\t\t\t\t\t\t\t\t\t<img fetchpriority=\"high\" decoding=\"async\" width=\"377\" height=\"500\" src=\"https:\/\/ipac.cc\/site\/wp-content\/uploads\/2023\/02\/s-l500.jpg\" class=\"attachment-2048x2048 size-2048x2048 wp-image-8254\" alt=\"\" srcset=\"https:\/\/ipac.cc\/site\/wp-content\/uploads\/2023\/02\/s-l500.jpg 377w, https:\/\/ipac.cc\/site\/wp-content\/uploads\/2023\/02\/s-l500-226x300.jpg 226w\" sizes=\"(max-width: 377px) 100vw, 377px\" \/>\t\t\t\t\t\t\t\t\t\t\t\t\t\t\t<\/div>\n\t\t\t\t<\/div>\n\t\t\t\t\t<\/div>\n\t\t<\/div>\n\t\t\t\t<div class=\"elementor-column elementor-col-33 elementor-top-column elementor-element elementor-element-879ad5a elementor-hidden-tablet elementor-hidden-mobile\" data-id=\"879ad5a\" data-element_type=\"column\" data-e-type=\"column\">\n\t\t\t<div class=\"elementor-widget-wrap\">\n\t\t\t\t\t\t\t<\/div>\n\t\t<\/div>\n\t\t\t\t<div class=\"elementor-column elementor-col-33 elementor-top-column elementor-element elementor-element-590c50c\" data-id=\"590c50c\" data-element_type=\"column\" data-e-type=\"column\" data-settings=\"{&quot;background_background&quot;:&quot;classic&quot;}\">\n\t\t\t<div class=\"elementor-widget-wrap elementor-element-populated\">\n\t\t\t\t\t\t<div class=\"elementor-element elementor-element-8bea00a elementor-widget elementor-widget-heading\" data-id=\"8bea00a\" data-element_type=\"widget\" data-e-type=\"widget\" data-widget_type=\"heading.default\">\n\t\t\t\t<div class=\"elementor-widget-container\">\n\t\t\t\t\t<h4 class=\"elementor-heading-title elementor-size-default\">O Instituidor<\/h4>\t\t\t\t<\/div>\n\t\t\t\t<\/div>\n\t\t\t\t<div class=\"elementor-element elementor-element-37ce07c dekoline elementor-widget elementor-widget-heading\" data-id=\"37ce07c\" data-element_type=\"widget\" data-e-type=\"widget\" data-widget_type=\"heading.default\">\n\t\t\t\t<div class=\"elementor-widget-container\">\n\t\t\t\t\t<h2 class=\"elementor-heading-title elementor-size-default\">Oscar Luso<\/h2>\t\t\t\t<\/div>\n\t\t\t\t<\/div>\n\t\t\t\t<div class=\"elementor-element elementor-element-a14c523 elementor-widget elementor-widget-text-editor\" data-id=\"a14c523\" data-element_type=\"widget\" data-e-type=\"widget\" data-widget_type=\"text-editor.default\">\n\t\t\t\t<div class=\"elementor-widget-container\">\n\t\t\t\t\t\t\t\t\t<p>Era o in\u00edcio do s\u00e9culo XIX e Oscar Luso, um cientista portugu\u00eas de esp\u00edrito inquieto e profundo amor pelo mar, dedicava a vida ao estudo das correntes oce\u00e2nicas, dos mitos n\u00e1uticos e da identidade cultural do seu pa\u00eds. Era tamb\u00e9m amigo \u00edntimo de D. Carlos, pr\u00edncipe herdeiro de Portugal e, mais tarde, rei \u2014 um monarca cujo fasc\u00ednio pela ci\u00eancia e pela oceanografia o tornaria figura central na moderniza\u00e7\u00e3o do pensamento portugu\u00eas.<\/p><p>Oscar e D. Carlos partilhavam horas intermin\u00e1veis em conversas sobre astronomia, navega\u00e7\u00e3o e hist\u00f3ria natural. Em expedi\u00e7\u00f5es que misturavam aventura e investiga\u00e7\u00e3o cient\u00edfica, percorriam costas, recolhiam amostras e desenhavam mapas numa tentativa quase rom\u00e2ntica de decifrar o grande enigma do oceano.<\/p><p>Foi numa dessas viagens que conheceram J\u00falio Verne, ent\u00e3o um escritor franc\u00eas em busca de inspira\u00e7\u00e3o para as suas novas obras. A afinidade foi imediata: Verne reconheceu em Oscar e em D. Carlos n\u00e3o apenas interlocutores apaixonados, mas esp\u00edritos capazes de compreender a dimens\u00e3o \u00e9pica da ci\u00eancia e do mar. Daquele encontro improv\u00e1vel nasceu uma amizade s\u00f3lida, alimentada por debates sobre o futuro da explora\u00e7\u00e3o mar\u00edtima e o papel da literatura cient\u00edfica no imagin\u00e1rio moderno.<\/p><p>A harmonia daquele tempo, por\u00e9m, seria brutalmente interrompida pelo assassinato de D. Carlos. A Europa estremeceu; Portugal mergulhou em luto profundo. Oscar Luso, devastado pela perda do amigo e mentor, decidiu que a mem\u00f3ria do rei \u2014 e a vis\u00e3o cultural que partilharam \u2014 n\u00e3o podia desaparecer.<\/p><p>Assim nasceu o Pr\u00e9mio Oscar Luso, criado como tributo \u00e0 coragem intelectual de D. Carlos e ao compromisso com a promo\u00e7\u00e3o da cultura portuguesa e lus\u00f3fona. O objetivo era claro: distinguir anualmente escritores cuja obra contribu\u00edsse para elevar o patrim\u00f3nio liter\u00e1rio e a identidade do mundo de l\u00edngua portuguesa.<\/p><p>J\u00falio Verne, tocado pela amizade que o unira \u00e0 dupla portuguesa e j\u00e1 convertido em fervoroso defensor da literatura lus\u00f3fona, aceitou ser o primeiro presidente do j\u00fari. A cerim\u00f3nia inaugural, realizada num ambiente de profunda emo\u00e7\u00e3o e esperan\u00e7a, tornou-se um marco hist\u00f3rico. O Pr\u00e9mio Oscar Luso rapidamente ganhou prest\u00edgio internacional, sendo hoje reconhecido como um dos mais importantes galard\u00f5es liter\u00e1rios do mundo.<\/p><p>E assim, a amizade entre um rei vision\u00e1rio, um cientista apaixonado e um escritor que sonhava com mundos imposs\u00edveis transformou-se num legado que perdurou muito para al\u00e9m das suas vidas \u2014 um hino \u00e0 literatura, \u00e0 ci\u00eancia e ao mar que molda a alma portuguesa.<\/p>\t\t\t\t\t\t\t\t<\/div>\n\t\t\t\t<\/div>\n\t\t\t\t<div class=\"elementor-element elementor-element-1efc071 elementor-widget elementor-widget-image\" data-id=\"1efc071\" data-element_type=\"widget\" data-e-type=\"widget\" data-widget_type=\"image.default\">\n\t\t\t\t<div class=\"elementor-widget-container\">\n\t\t\t\t\t\t\t\t\t\t\t\t\t\t\t<img decoding=\"async\" width=\"235\" height=\"80\" src=\"https:\/\/ipac.cc\/site\/wp-content\/uploads\/2023\/02\/Oscar-Luso-Signature_white.png\" class=\"attachment-large size-large wp-image-8539\" alt=\"\" \/>\t\t\t\t\t\t\t\t\t\t\t\t\t\t\t<\/div>\n\t\t\t\t<\/div>\n\t\t\t\t<div class=\"elementor-element elementor-element-60fc65b elementor-widget elementor-widget-heading\" data-id=\"60fc65b\" data-element_type=\"widget\" data-e-type=\"widget\" data-widget_type=\"heading.default\">\n\t\t\t\t<div class=\"elementor-widget-container\">\n\t\t\t\t\t<p class=\"elementor-heading-title elementor-size-default\">Oscar Luso, o fundador<\/p>\t\t\t\t<\/div>\n\t\t\t\t<\/div>\n\t\t\t\t\t<\/div>\n\t\t<\/div>\n\t\t\t\t\t<\/div>\n\t\t<\/section>\n\t\t\t\t<\/div>\n\t\t","protected":false},"excerpt":{"rendered":"<p>O Instituidor Oscar Luso Era o in\u00edcio do s\u00e9culo XIX e Oscar Luso, um cientista portugu\u00eas de esp\u00edrito inquieto e profundo amor pelo mar, dedicava a vida ao estudo das correntes oce\u00e2nicas, dos mitos n\u00e1uticos e da identidade cultural do seu pa\u00eds. Era tamb\u00e9m amigo \u00edntimo de D. Carlos, pr\u00edncipe herdeiro de Portugal e, mais &hellip;<\/p>\n","protected":false},"author":1,"featured_media":0,"parent":0,"menu_order":0,"comment_status":"closed","ping_status":"closed","template":"elementor_header_footer","meta":{"footnotes":""},"class_list":["post-8299","page","type-page","status-publish","hentry"],"_links":{"self":[{"href":"https:\/\/ipac.cc\/site\/wp-json\/wp\/v2\/pages\/8299","targetHints":{"allow":["GET"]}}],"collection":[{"href":"https:\/\/ipac.cc\/site\/wp-json\/wp\/v2\/pages"}],"about":[{"href":"https:\/\/ipac.cc\/site\/wp-json\/wp\/v2\/types\/page"}],"author":[{"embeddable":true,"href":"https:\/\/ipac.cc\/site\/wp-json\/wp\/v2\/users\/1"}],"replies":[{"embeddable":true,"href":"https:\/\/ipac.cc\/site\/wp-json\/wp\/v2\/comments?post=8299"}],"version-history":[{"count":66,"href":"https:\/\/ipac.cc\/site\/wp-json\/wp\/v2\/pages\/8299\/revisions"}],"predecessor-version":[{"id":8980,"href":"https:\/\/ipac.cc\/site\/wp-json\/wp\/v2\/pages\/8299\/revisions\/8980"}],"wp:attachment":[{"href":"https:\/\/ipac.cc\/site\/wp-json\/wp\/v2\/media?parent=8299"}],"curies":[{"name":"wp","href":"https:\/\/api.w.org\/{rel}","templated":true}]}}