{"id":8392,"date":"2023-02-06T19:42:54","date_gmt":"2023-02-06T19:42:54","guid":{"rendered":"https:\/\/www.ipac.cc\/site\/?page_id=8392"},"modified":"2023-02-06T20:09:05","modified_gmt":"2023-02-06T20:09:05","slug":"premio-oscar-luso","status":"publish","type":"page","link":"https:\/\/ipac.cc\/site\/premio-oscar-luso\/","title":{"rendered":"Pr\u00eamio Oscar Luso"},"content":{"rendered":"\t\t<div data-elementor-type=\"wp-page\" data-elementor-id=\"8392\" class=\"elementor elementor-8392\">\n\t\t\t\t\t\t<section class=\"elementor-section elementor-top-section elementor-element elementor-element-c0adb48 elementor-section-full_width elementor-section-height-default elementor-section-height-default\" data-id=\"c0adb48\" data-element_type=\"section\" data-e-type=\"section\">\n\t\t\t\t\t\t<div class=\"elementor-container elementor-column-gap-default\">\n\t\t\t\t\t<div class=\"elementor-column elementor-col-100 elementor-top-column elementor-element elementor-element-c299062\" data-id=\"c299062\" data-element_type=\"column\" data-e-type=\"column\">\n\t\t\t<div class=\"elementor-widget-wrap elementor-element-populated\">\n\t\t\t\t\t\t<section class=\"elementor-section elementor-inner-section elementor-element elementor-element-a75a3b3 elementor-section-boxed elementor-section-height-default elementor-section-height-default\" data-id=\"a75a3b3\" data-element_type=\"section\" data-e-type=\"section\">\n\t\t\t\t\t\t<div class=\"elementor-container elementor-column-gap-wide\">\n\t\t\t\t\t<div class=\"elementor-column elementor-col-50 elementor-inner-column elementor-element elementor-element-c9770d7\" data-id=\"c9770d7\" data-element_type=\"column\" data-e-type=\"column\">\n\t\t\t<div class=\"elementor-widget-wrap elementor-element-populated\">\n\t\t\t\t\t\t<div class=\"elementor-element elementor-element-783109d dekoline elementor-widget elementor-widget-heading\" data-id=\"783109d\" data-element_type=\"widget\" data-e-type=\"widget\" data-widget_type=\"heading.default\">\n\t\t\t\t<div class=\"elementor-widget-container\">\n\t\t\t\t\t<h2 class=\"elementor-heading-title elementor-size-xl\">Pr\u00eamio Oscar Luso<\/h2>\t\t\t\t<\/div>\n\t\t\t\t<\/div>\n\t\t\t\t\t<\/div>\n\t\t<\/div>\n\t\t\t\t<div class=\"elementor-column elementor-col-50 elementor-inner-column elementor-element elementor-element-a6b661b\" data-id=\"a6b661b\" data-element_type=\"column\" data-e-type=\"column\">\n\t\t\t<div class=\"elementor-widget-wrap\">\n\t\t\t\t\t\t\t<\/div>\n\t\t<\/div>\n\t\t\t\t\t<\/div>\n\t\t<\/section>\n\t\t\t\t<section class=\"elementor-section elementor-inner-section elementor-element elementor-element-a5b6876 elementor-section-boxed elementor-section-height-default elementor-section-height-default\" data-id=\"a5b6876\" data-element_type=\"section\" data-e-type=\"section\">\n\t\t\t\t\t\t<div class=\"elementor-container elementor-column-gap-wide\">\n\t\t\t\t\t<div class=\"elementor-column elementor-col-50 elementor-inner-column elementor-element elementor-element-39bd3f6\" data-id=\"39bd3f6\" data-element_type=\"column\" data-e-type=\"column\">\n\t\t\t<div class=\"elementor-widget-wrap elementor-element-populated\">\n\t\t\t\t\t\t<div class=\"elementor-element elementor-element-5045e9d elementor-widget elementor-widget-heading\" data-id=\"5045e9d\" data-element_type=\"widget\" data-e-type=\"widget\" data-widget_type=\"heading.default\">\n\t\t\t\t<div class=\"elementor-widget-container\">\n\t\t\t\t\t<h4 class=\"elementor-heading-title elementor-size-default\">Oscar Luso \u00e9 um pr\u00eamio atribu\u00eddo pelo Instituto Portugu\u00eas de Arte e Cultura (IPAC) para personalidades de pa\u00edses de l\u00edngua portuguesa que contribu\u00edram para a cultura e arte de seus pa\u00edses. <br><br>O pr\u00eamio \u00e9 uma homenagem \u00e0s personalidades que se destacam pela sua contribui\u00e7\u00e3o para a valoriza\u00e7\u00e3o e promo\u00e7\u00e3o da cultura portuguesa e lus\u00f3fona e \u00e9 entregue anualmente em uma cerim\u00f4nia especial.<br><br>Os vencedores do Oscar Luso s\u00e3o escolhidos por um j\u00fari composto por especialistas e personalidades de renome na \u00e1rea cultural e art\u00edstica. Entre os crit\u00e9rios de sele\u00e7\u00e3o est\u00e3o a qualidade e a relev\u00e2ncia da obra, a contribui\u00e7\u00e3o para a valoriza\u00e7\u00e3o e promo\u00e7\u00e3o da cultura portuguesa e lus\u00f3fona, e a reputa\u00e7\u00e3o e prest\u00edgio do candidato na sua \u00e1rea de atua\u00e7\u00e3o.<\/h4>\t\t\t\t<\/div>\n\t\t\t\t<\/div>\n\t\t\t\t\t<\/div>\n\t\t<\/div>\n\t\t\t\t<div class=\"elementor-column elementor-col-50 elementor-inner-column elementor-element elementor-element-8260b70\" data-id=\"8260b70\" data-element_type=\"column\" data-e-type=\"column\">\n\t\t\t<div class=\"elementor-widget-wrap elementor-element-populated\">\n\t\t\t\t\t\t<div class=\"elementor-element elementor-element-d903d30 elementor-widget__width-initial elementor-absolute elementor-widget elementor-widget-image\" data-id=\"d903d30\" data-element_type=\"widget\" data-e-type=\"widget\" data-settings=\"{&quot;_position&quot;:&quot;absolute&quot;}\" data-widget_type=\"image.default\">\n\t\t\t\t<div class=\"elementor-widget-container\">\n\t\t\t\t\t\t\t\t\t\t\t\t\t\t\t<img fetchpriority=\"high\" decoding=\"async\" width=\"750\" height=\"750\" src=\"https:\/\/ipac.cc\/site\/wp-content\/uploads\/2022\/08\/nashville-3350795_1280-1024x1024.png\" class=\"attachment-large size-large wp-image-7337\" alt=\"\" srcset=\"https:\/\/ipac.cc\/site\/wp-content\/uploads\/2022\/08\/nashville-3350795_1280-1024x1024.png 1024w, https:\/\/ipac.cc\/site\/wp-content\/uploads\/2022\/08\/nashville-3350795_1280-300x300.png 300w, https:\/\/ipac.cc\/site\/wp-content\/uploads\/2022\/08\/nashville-3350795_1280-150x150.png 150w, https:\/\/ipac.cc\/site\/wp-content\/uploads\/2022\/08\/nashville-3350795_1280-768x768.png 768w, https:\/\/ipac.cc\/site\/wp-content\/uploads\/2022\/08\/nashville-3350795_1280.png 1280w\" sizes=\"(max-width: 750px) 100vw, 750px\" \/>\t\t\t\t\t\t\t\t\t\t\t\t\t\t\t<\/div>\n\t\t\t\t<\/div>\n\t\t\t\t\t<\/div>\n\t\t<\/div>\n\t\t\t\t\t<\/div>\n\t\t<\/section>\n\t\t\t\t\t<\/div>\n\t\t<\/div>\n\t\t\t\t\t<\/div>\n\t\t<\/section>\n\t\t\t\t<section class=\"elementor-section elementor-top-section elementor-element elementor-element-6f813888 elementor-section-boxed elementor-section-height-default elementor-section-height-default\" data-id=\"6f813888\" data-element_type=\"section\" data-e-type=\"section\" data-settings=\"{&quot;background_background&quot;:&quot;gradient&quot;}\">\n\t\t\t\t\t\t<div class=\"elementor-container elementor-column-gap-wide\">\n\t\t\t\t\t<div class=\"elementor-column elementor-col-50 elementor-top-column elementor-element elementor-element-269980d3\" data-id=\"269980d3\" data-element_type=\"column\" data-e-type=\"column\">\n\t\t\t<div class=\"elementor-widget-wrap elementor-element-populated\">\n\t\t\t\t\t\t<div class=\"elementor-element elementor-element-55a3957d elementor-widget elementor-widget-image\" data-id=\"55a3957d\" data-element_type=\"widget\" data-e-type=\"widget\" data-widget_type=\"image.default\">\n\t\t\t\t<div class=\"elementor-widget-container\">\n\t\t\t\t\t\t\t\t\t\t\t\t\t\t\t<img decoding=\"async\" src=\"https:\/\/ipac.cc\/site\/wp-content\/uploads\/elementor\/thumbs\/pexels-leeloo-thefirst-8177922-scaled-q1x33yp7u3swhqp3odk9woibvhrcwwujg5a50fufio.jpg\" title=\"pexels-leeloo-thefirst-8177922\" alt=\"pexels-leeloo-thefirst-8177922\" loading=\"lazy\" \/>\t\t\t\t\t\t\t\t\t\t\t\t\t\t\t<\/div>\n\t\t\t\t<\/div>\n\t\t\t\t\t<\/div>\n\t\t<\/div>\n\t\t\t\t<div class=\"elementor-column elementor-col-50 elementor-top-column elementor-element elementor-element-67675cb7\" data-id=\"67675cb7\" data-element_type=\"column\" data-e-type=\"column\" data-settings=\"{&quot;background_background&quot;:&quot;classic&quot;}\">\n\t\t\t<div class=\"elementor-widget-wrap elementor-element-populated\">\n\t\t\t\t\t\t<div class=\"elementor-element elementor-element-2725aa0d elementor-widget elementor-widget-heading\" data-id=\"2725aa0d\" data-element_type=\"widget\" data-e-type=\"widget\" data-widget_type=\"heading.default\">\n\t\t\t\t<div class=\"elementor-widget-container\">\n\t\t\t\t\t<h4 class=\"elementor-heading-title elementor-size-default\">Premiados<\/h4>\t\t\t\t<\/div>\n\t\t\t\t<\/div>\n\t\t\t\t<div class=\"elementor-element elementor-element-4e50fb41 dekoline elementor-widget elementor-widget-heading\" data-id=\"4e50fb41\" data-element_type=\"widget\" data-e-type=\"widget\" data-widget_type=\"heading.default\">\n\t\t\t\t<div class=\"elementor-widget-container\">\n\t\t\t\t\t<h2 class=\"elementor-heading-title elementor-size-default\">Alguns vencedores do Oscar Luso incluem:<\/h2>\t\t\t\t<\/div>\n\t\t\t\t<\/div>\n\t\t\t\t<div class=\"elementor-element elementor-element-6ca82dd7 elementor-widget elementor-widget-text-editor\" data-id=\"6ca82dd7\" data-element_type=\"widget\" data-e-type=\"widget\" data-widget_type=\"text-editor.default\">\n\t\t\t\t<div class=\"elementor-widget-container\">\n\t\t\t\t\t\t\t\t\t<ul><li>Jorge Amado, escritor brasileiro<\/li><li>Fernanda Montenegro, atriz brasileira<\/li><li>Luis Carlos Paraventi, escritor e poeta angolano<\/li><li>Mia Couto, escritor mo\u00e7ambicano<\/li><li>Jos\u00e9 Saramago, escritor portugu\u00eas<\/li><\/ul>\t\t\t\t\t\t\t\t<\/div>\n\t\t\t\t<\/div>\n\t\t\t\t\t<\/div>\n\t\t<\/div>\n\t\t\t\t\t<\/div>\n\t\t<\/section>\n\t\t\t\t<\/div>\n\t\t","protected":false},"excerpt":{"rendered":"<p>Pr\u00eamio Oscar Luso Oscar Luso \u00e9 um pr\u00eamio atribu\u00eddo pelo Instituto Portugu\u00eas de Arte e Cultura (IPAC) para personalidades de pa\u00edses de l\u00edngua portuguesa que contribu\u00edram para a cultura e arte de seus pa\u00edses. O pr\u00eamio \u00e9 uma homenagem \u00e0s personalidades que se destacam pela sua contribui\u00e7\u00e3o para a valoriza\u00e7\u00e3o e promo\u00e7\u00e3o da cultura portuguesa &hellip;<\/p>\n","protected":false},"author":1,"featured_media":0,"parent":0,"menu_order":0,"comment_status":"closed","ping_status":"closed","template":"homepage.php","meta":{"footnotes":""},"class_list":["post-8392","page","type-page","status-publish","hentry"],"_links":{"self":[{"href":"https:\/\/ipac.cc\/site\/wp-json\/wp\/v2\/pages\/8392","targetHints":{"allow":["GET"]}}],"collection":[{"href":"https:\/\/ipac.cc\/site\/wp-json\/wp\/v2\/pages"}],"about":[{"href":"https:\/\/ipac.cc\/site\/wp-json\/wp\/v2\/types\/page"}],"author":[{"embeddable":true,"href":"https:\/\/ipac.cc\/site\/wp-json\/wp\/v2\/users\/1"}],"replies":[{"embeddable":true,"href":"https:\/\/ipac.cc\/site\/wp-json\/wp\/v2\/comments?post=8392"}],"version-history":[{"count":8,"href":"https:\/\/ipac.cc\/site\/wp-json\/wp\/v2\/pages\/8392\/revisions"}],"predecessor-version":[{"id":8402,"href":"https:\/\/ipac.cc\/site\/wp-json\/wp\/v2\/pages\/8392\/revisions\/8402"}],"wp:attachment":[{"href":"https:\/\/ipac.cc\/site\/wp-json\/wp\/v2\/media?parent=8392"}],"curies":[{"name":"wp","href":"https:\/\/api.w.org\/{rel}","templated":true}]}}